{"id":2560,"date":"2025-01-29T10:16:10","date_gmt":"2025-01-29T10:16:10","guid":{"rendered":"https:\/\/rezidenzia.de\/?page_id=2560"},"modified":"2026-04-09T10:49:15","modified_gmt":"2026-04-09T08:49:15","slug":"impressum","status":"publish","type":"page","link":"https:\/\/rezidenzia.de\/index.php\/impressum\/","title":{"rendered":"Impressum"},"content":{"rendered":"<div class=\"fusion-fullwidth fullwidth-box fusion-builder-row-1 fusion-flex-container has-pattern-background has-mask-background nonhundred-percent-fullwidth non-hundred-percent-height-scrolling\" style=\"--awb-border-radius-top-left:0px;--awb-border-radius-top-right:0px;--awb-border-radius-bottom-right:0px;--awb-border-radius-bottom-left:0px;--awb-flex-wrap:wrap;\" ><div class=\"fusion-builder-row fusion-row fusion-flex-align-items-flex-start fusion-flex-content-wrap\" style=\"max-width:1248px;margin-left: calc(-4% \/ 2 );margin-right: calc(-4% \/ 2 );\"><div class=\"fusion-layout-column fusion_builder_column fusion-builder-column-0 fusion_builder_column_1_1 1_1 fusion-flex-column\" style=\"--awb-bg-size:cover;--awb-width-large:100%;--awb-spacing-right-large:1.92%;--awb-margin-bottom-large:0px;--awb-spacing-left-large:1.92%;--awb-width-medium:100%;--awb-order-medium:0;--awb-spacing-right-medium:1.92%;--awb-spacing-left-medium:1.92%;--awb-width-small:100%;--awb-order-small:0;--awb-spacing-right-small:1.92%;--awb-spacing-left-small:1.92%;\"><div class=\"fusion-column-wrapper fusion-column-has-shadow fusion-flex-justify-content-flex-start fusion-content-layout-column\"><div class=\"fusion-text fusion-text-1\"><h3>Angaben gem\u00e4\u00df \u00a75 TMG<\/h3>\n<p><strong>REZIDENZIA<\/strong> GmbH<br \/>\nHerzog-Carl-Str. 2<br \/>\n73760 Ostfildern<\/p>\n<p>Gesch\u00e4ftsf\u00fchrer: Robert Raczek &amp; Konstantin Bengart<br \/>\nHandelsregister: HRB784770 Amtsgericht Stuttgart<\/p>\n<p><strong>Vertreten durch:<\/strong><br \/>\nRobert Raczek und Konstantin Bengart<\/p>\n<p><strong>Kontakt<\/strong><br \/>\nTelefon: +49 711 968 812 33<br \/>\nE-Mail: immobilien@rezidenzia.de<\/p>\n<p><strong>Umsatzsteuer-ID<\/strong><br \/>\nUmsatzsteuer-Identifikationsnummer gem\u00e4\u00df \u00a7 27 a Umsatzsteuergesetz: DE360415578<\/p>\n<p><strong>Berufsbezeichnung und berufsrechtliche Regelungen Berufsbezeichnung:<\/strong><br \/>\nBerater<br \/>\nZust\u00e4ndige Kammer:<br \/>\nIHK Stuttgart<br \/>\nJ\u00e4gerstra\u00dfe 30<br \/>\n70174 Stuttgart<br \/>\nVerliehen in:<br \/>\nDeutschland<\/p>\n<p><strong>EU-Streitschlichtung<\/strong><br \/>\nDie Europ\u00e4ische Kommission stellt eine Plattform zur Online-Streitbeilegung (OS) bereit: https:\/\/ec.europa.eu\/consumers\/odr\/. Unsere E-Mail-Adresse finden Sie oben im Impressum.<\/p>\n<p><strong>Verbraucherstreitbeilegung\/Universalschlichtungsstelle<\/strong><br \/>\nWir sind nicht bereit oder verpflichtet, an Streitbeilegungsverfahren vor einer Verbraucherschlichtungsstelle teilzunehmen.<br \/>\nIcons wurden in Freepik &amp; Flaticon erstellet: www.flaticon.com is licensed by CC BY 3.0<\/p>\n<p>Bildnachweis: \u00a9 www.rezidendia.de, www.unsplash.com, www.alpha-realestate.de, www.pexels.com<\/p>\n<h3>HAFTUNGSAUSSCHLUSS [DISCLAIMER]<\/h3>\n<p><strong>Haftung f\u00fcr Inhalte<\/strong><br \/>\nAls Diensteanbieter sind wir gem\u00e4\u00df \u00a7 7 Abs.1 TMG f\u00fcr eigene Inhalte auf diesen Seiten nach den allgemeinen Gesetzen verantwortlich. Nach \u00a7\u00a7 8 bis 10 TMG sind wir als Diensteanbieter jedoch nicht verpflichtet, \u00fcbermittelte oder gespeicherte fremde Informationen zu \u00fcberwachen oder nach Umst\u00e4nden zu forschen, die auf eine rechtswidrige T\u00e4tigkeit hinweisen. Verpflichtungen zur Entfernung oder Sperrung der Nutzung von Informationen nach den allgemeinen Gesetzen bleiben hiervon unber\u00fchrt. Eine diesbez\u00fcgliche Haftung ist jedoch erst ab dem Zeitpunkt der Kenntnis einer konkreten Rechtsverletzung m\u00f6glich. Bei Bekanntwerden von entsprechenden Rechtsverletzungen werden wir diese Inhalte umgehend entfernen.<\/p>\n<p><strong>Haftung f\u00fcr Links<\/strong><br \/>\nUnser Angebot enth\u00e4lt Links zu externen Webseiten Dritter, auf deren Inhalte wir keinen Einfluss haben. Deshalb k\u00f6nnen wir f\u00fcr diese fremden Inhalte auch keine Gew\u00e4hr \u00fcbernehmen. F\u00fcr die Inhalte der verlinkten Seiten ist stets der jeweilige Anbieter oder Betreiber der Seiten verantwortlich. Die verlinkten Seiten wurden zum Zeitpunkt der Verlinkung auf m\u00f6gliche Rechtsverst\u00f6\u00dfe \u00fcberpr\u00fcft. Rechtswidrige Inhalte waren zum Zeitpunkt der Verlinkung nicht erkennbar. Eine permanente inhaltliche Kontrolle der verlinkten Seiten ist jedoch ohne konkrete Anhaltspunkte einer Rechtsverletzung nicht zumutbar. Bei Bekanntwerden von Rechtsverletzungen werden wir derartige Links umgehend entfernen.<\/p>\n<p><strong>Urheberrecht<\/strong><br \/>\nDie durch die Seitenbetreiber erstellten Inhalte und Werke auf diesen Seiten unterliegen dem deutschen Urheberrecht. Die Vervielf\u00e4ltigung, Bearbeitung,<br \/>\nVerbreitung und jede Art der Verwertung au\u00dferhalb der Grenzen des Urheberrechtes bed\u00fcrfen der schriftlichen Zustimmung des jeweiligen Autors bzw. Erstellers. Downloads und Kopien dieser Seite sind nur f\u00fcr den privaten, nicht kommerziellen Gebrauch gestattet. Soweit die Inhalte auf dieser Seite nicht vom Betreiber erstellt wurden, werden die Urheberrechte Dritter beachtet. Insbesondere werden Inhalte Dritter als solche gekennzeichnet. Sollten Sie trotzdem auf eine Urheberrechtsverletzung aufmerksam werden, bitten wir um einen entsprechenden Hinweis. Bei Bekanntwerden von Rechtsverletzungen werden wir derartige Inhalte umgehend entfernen. Quelle: http:\/\/www.e-recht24.de<br \/>\n\u00a9 2020 REZIDENZIA Deutschland GmbH<\/p>\n<p style=\"text-align: center;\">Mit \u00fcber 10 Millionen Transaktionsvolumen und \u00fcber 17 Jahren<br \/>\nErfahrung sind wir bei REZIDENZIA Pioniere im<br \/>\nImmobiliengesch\u00e4ft. Wir haben es zu unserer Mission gemacht<br \/>\njedem Privatinvestor auf einfachem Weg zu einer bezahlbaren und<br \/>\nwerthaltigen Immobilie zu verhelfen.<\/p>\n<p style=\"text-align: center;\"><strong>Wichtiges<\/strong><br \/>\nImpressum(http:\/\/rezidenzia.de\/impressum\/)<br \/>\nDatenschutz(http:\/\/rezidenzia.de\/datenschutz\/)<br \/>\n<strong>Kontakt<\/strong><br \/>\nimmobilien@rezidenzia.de<br \/>\n+49 711 968 812 33<\/p>\n<\/div><\/div><\/div><\/div><\/div>\n","protected":false},"excerpt":{"rendered":"","protected":false},"author":1,"featured_media":0,"parent":0,"menu_order":0,"comment_status":"closed","ping_status":"closed","template":"100-width.php","meta":{"_acf_changed":false,"footnotes":""},"class_list":["post-2560","page","type-page","status-publish","hentry"],"acf":[],"_links":{"self":[{"href":"https:\/\/rezidenzia.de\/index.php\/wp-json\/wp\/v2\/pages\/2560","targetHints":{"allow":["GET"]}}],"collection":[{"href":"https:\/\/rezidenzia.de\/index.php\/wp-json\/wp\/v2\/pages"}],"about":[{"href":"https:\/\/rezidenzia.de\/index.php\/wp-json\/wp\/v2\/types\/page"}],"author":[{"embeddable":true,"href":"https:\/\/rezidenzia.de\/index.php\/wp-json\/wp\/v2\/users\/1"}],"replies":[{"embeddable":true,"href":"https:\/\/rezidenzia.de\/index.php\/wp-json\/wp\/v2\/comments?post=2560"}],"version-history":[{"count":4,"href":"https:\/\/rezidenzia.de\/index.php\/wp-json\/wp\/v2\/pages\/2560\/revisions"}],"predecessor-version":[{"id":2997,"href":"https:\/\/rezidenzia.de\/index.php\/wp-json\/wp\/v2\/pages\/2560\/revisions\/2997"}],"wp:attachment":[{"href":"https:\/\/rezidenzia.de\/index.php\/wp-json\/wp\/v2\/media?parent=2560"}],"curies":[{"name":"wp","href":"https:\/\/api.w.org\/{rel}","templated":true}]}}